{"id":77,"date":"2023-10-04T09:24:17","date_gmt":"2023-10-04T09:24:17","guid":{"rendered":"http:\/\/www.fethiyeserenitysuite.com\/?page_id=2"},"modified":"2026-03-17T07:36:18","modified_gmt":"2026-03-17T07:36:18","slug":"ana-sayfa","status":"publish","type":"page","link":"https:\/\/www.fethiyeserenitysuite.com\/ru\/","title":{"rendered":"\u0413\u041b\u0410\u0412\u041d\u0410\u042f \u0421\u0422\u0420\u0410\u041d\u0418\u0426\u0410"},"content":{"rendered":"<div data-elementor-type=\"wp-page\" data-elementor-id=\"77\" class=\"elementor elementor-77\">\n\t\t\t\t<div class=\"elementor-element elementor-element-8f44834 e-flex e-con-boxed e-con e-parent\" data-id=\"8f44834\" data-element_type=\"container\" data-settings=\"{&quot;background_background&quot;:&quot;classic&quot;}\">\n\t\t\t\t\t<div class=\"e-con-inner\">\n\t\t<div class=\"elementor-element elementor-element-54c9cc6 e-con-full e-flex e-con e-child\" data-id=\"54c9cc6\" data-element_type=\"container\">\n\t\t\t\t<div class=\"elementor-element elementor-element-6559bab elementor-widget elementor-widget-heading\" data-id=\"6559bab\" data-element_type=\"widget\" data-widget_type=\"heading.default\">\n\t\t\t\t\t<h1 class=\"elementor-heading-title elementor-size-default\">Fethiye <span class=\"hotel6-heading-decorative\">Serenity<\/span> Suite<\/h1>\t\t\t\t<\/div>\n\t\t\t\t<\/div>\n\t\t<div class=\"elementor-element elementor-element-4e7e073 e-con-full e-flex e-con e-child\" data-id=\"4e7e073\" data-element_type=\"container\">\n\t\t\t\t<div class=\"elementor-element elementor-element-c885cac elementor-position-right elementor-vertical-align-middle elementor-widget__width-auto elementor-widget elementor-widget-image-box\" data-id=\"c885cac\" data-element_type=\"widget\" data-widget_type=\"image-box.default\">\n\t\t\t\t\t<div class=\"elementor-image-box-wrapper\"><figure class=\"elementor-image-box-img\"><a href=\"http:\/\/www.fethiyeserenitysuite.com\/ru\/rooms\/\" tabindex=\"-1\"><img decoding=\"async\" src=\"http:\/\/www.fethiyeserenitysuite.com\/wp-content\/uploads\/2023\/10\/hotel6-arrowicon.svg\" title=\"\" alt=\"\" loading=\"lazy\" \/><\/a><\/figure><div class=\"elementor-image-box-content\"><h6 class=\"elementor-image-box-title\"><a href=\"http:\/\/www.fethiyeserenitysuite.com\/ru\/rooms\/\">\u0424\u041e\u0422\u041e\u0413\u0410\u041b\u0415\u0420\u0415\u042f<\/a><\/h6><\/div><\/div>\t\t\t\t<\/div>\n\t\t\t\t<\/div>\n\t\t\t\t\t<\/div>\n\t\t\t\t<\/div>\n\t\t<div class=\"elementor-element elementor-element-bbf47ec e-con-full e-flex e-con e-parent\" data-id=\"bbf47ec\" data-element_type=\"container\">\n\t\t<div class=\"elementor-element elementor-element-9a1f06b e-con-full e-flex e-con e-child\" data-id=\"9a1f06b\" data-element_type=\"container\">\n\t\t\t\t<div class=\"elementor-element elementor-element-3a5bd51 elementor-widget elementor-widget-image\" data-id=\"3a5bd51\" data-element_type=\"widget\" data-widget_type=\"image.default\">\n\t\t\t\t\t\t\t\t\t\t\t\t\t\t\t<img fetchpriority=\"high\" decoding=\"async\" width=\"1200\" height=\"1200\" src=\"https:\/\/www.fethiyeserenitysuite.com\/wp-content\/uploads\/2025\/12\/serenity-suites.jpg\" class=\"attachment-large size-large wp-image-663\" alt=\"\" srcset=\"https:\/\/www.fethiyeserenitysuite.com\/wp-content\/uploads\/2025\/12\/serenity-suites.jpg 1200w, https:\/\/www.fethiyeserenitysuite.com\/wp-content\/uploads\/2025\/12\/serenity-suites-500x500.jpg 500w, https:\/\/www.fethiyeserenitysuite.com\/wp-content\/uploads\/2025\/12\/serenity-suites-300x300.jpg 300w, https:\/\/www.fethiyeserenitysuite.com\/wp-content\/uploads\/2025\/12\/serenity-suites-768x768.jpg 768w, https:\/\/www.fethiyeserenitysuite.com\/wp-content\/uploads\/2025\/12\/serenity-suites-150x150.jpg 150w, https:\/\/www.fethiyeserenitysuite.com\/wp-content\/uploads\/2025\/12\/serenity-suites-75x75.jpg 75w, https:\/\/www.fethiyeserenitysuite.com\/wp-content\/uploads\/2025\/12\/serenity-suites-480x480.jpg 480w\" sizes=\"(max-width:767px) 480px, (max-width:1200px) 100vw, 1200px\" \/>\t\t\t\t\t\t\t\t\t\t\t\t\t\t\t<\/div>\n\t\t\t\t<\/div>\n\t\t<div class=\"elementor-element elementor-element-d4288de e-con-full e-flex e-con e-child\" data-id=\"d4288de\" data-element_type=\"container\">\n\t\t\t\t<div class=\"elementor-element elementor-element-ae5731f elementor-widget elementor-widget-heading\" data-id=\"ae5731f\" data-element_type=\"widget\" data-widget_type=\"heading.default\">\n\t\t\t\t\t<h5 class=\"elementor-heading-title elementor-size-default\">Fethiye Serenity Suites<\/h5>\t\t\t\t<\/div>\n\t\t\t\t<div class=\"elementor-element elementor-element-62082a4 elementor-widget elementor-widget-text-editor\" data-id=\"62082a4\" data-element_type=\"widget\" data-widget_type=\"text-editor.default\">\n\t\t\t\t\t\t\t\t\t<p style=\"text-align: justify;\"><strong data-start=\"0\" data-end=\"27\" data-is-only-node=\"\">Fethiye Serenity Suites<\/strong>\u0417\u0434\u0435\u0441\u044c \u043f\u0440\u0435\u0434\u043b\u0430\u0433\u0430\u044e\u0442\u0441\u044f \u0430\u043f\u0430\u0440\u0442\u0430\u043c\u0435\u043d\u0442\u044b, \u0441\u043f\u0435\u0446\u0438\u0430\u043b\u044c\u043d\u043e \u0441\u043f\u0440\u043e\u0435\u043a\u0442\u0438\u0440\u043e\u0432\u0430\u043d\u043d\u044b\u0435 \u0434\u043b\u044f \u0433\u043e\u0441\u0442\u0435\u0439, \u0441 \u043f\u0440\u0438\u043e\u0440\u0438\u0442\u0435\u0442\u043e\u043c \u043d\u0430 \u0442\u0438\u0448\u0438\u043d\u0443 \u0438 \u043f\u043e\u043a\u043e\u0439.<\/p><p style=\"text-align: justify;\">\u041e\u043a\u0440\u0443\u0436\u0435\u043d\u043d\u044b\u0439 \u043f\u0440\u0438\u0440\u043e\u0434\u043d\u043e\u0439 \u043a\u0440\u0430\u0441\u043e\u0442\u043e\u0439 \u0424\u0435\u0442\u0445\u0438\u0435, \u044d\u0442\u043e\u0442 \u043e\u0442\u0435\u043b\u044c \u043f\u0440\u0435\u0434\u043b\u0430\u0433\u0430\u0435\u0442 \u0440\u0430\u0441\u0441\u043b\u0430\u0431\u043b\u044f\u044e\u0449\u0438\u0439 \u043e\u0442\u0434\u044b\u0445 \u0432 \u043a\u043e\u043c\u0444\u043e\u0440\u0442\u0430\u0431\u0435\u043b\u044c\u043d\u044b\u0445 \u0438 \u0441\u043e\u0432\u0440\u0435\u043c\u0435\u043d\u043d\u044b\u0445 \u0436\u0438\u043b\u044b\u0445 \u043f\u043e\u043c\u0435\u0449\u0435\u043d\u0438\u044f\u0445. \u042d\u0442\u043e \u0438\u0434\u0435\u0430\u043b\u044c\u043d\u044b\u0439 \u0432\u044b\u0431\u043e\u0440 \u0434\u043b\u044f \u0442\u0435\u0445, \u043a\u0442\u043e \u0438\u0449\u0435\u0442 \u0441\u043f\u043e\u043a\u043e\u0439\u043d\u043e\u0433\u043e \u0438 \u043f\u0440\u0438\u044f\u0442\u043d\u043e\u0433\u043e \u043e\u0442\u0434\u044b\u0445\u0430 \u0432\u0434\u0430\u043b\u0438 \u043e\u0442 \u0448\u0443\u043c\u0430.<\/p>\t\t\t\t\t\t\t\t<\/div>\n\t\t\t\t<div class=\"elementor-element elementor-element-16b3ff7 elementor-widget elementor-widget-heading\" data-id=\"16b3ff7\" data-element_type=\"widget\" data-widget_type=\"heading.default\">\n\t\t\t\t\t<h6 class=\"elementor-heading-title elementor-size-default\"><a href=\"http:\/\/www.fethiyeserenitysuite.com\/ru\/restaurant\/\">\u0424\u041e\u0422\u041e\u0413\u0410\u041b\u0415\u0420\u0415\u042f<\/a><\/h6>\t\t\t\t<\/div>\n\t\t\t\t<\/div>\n\t\t\t\t<\/div>\n\t\t<div class=\"elementor-element elementor-element-4825f7b e-con-full e-flex e-con e-parent\" data-id=\"4825f7b\" data-element_type=\"container\" data-settings=\"{&quot;background_background&quot;:&quot;classic&quot;}\">\n\t\t<div class=\"elementor-element elementor-element-e1c4321 e-con-full e-flex e-con e-child\" data-id=\"e1c4321\" data-element_type=\"container\">\n\t\t\t\t<div class=\"elementor-element elementor-element-e8fe818 elementor-widget elementor-widget-heading\" data-id=\"e8fe818\" data-element_type=\"widget\" data-widget_type=\"heading.default\">\n\t\t\t\t\t<h2 class=\"elementor-heading-title elementor-size-default\">Serenity Suites, \u0410\u0434\u0440\u0435\u0441 \u0421\u043f\u043e\u043a\u043e\u0439\u0441\u0442\u0432\u0438\u044f<\/h2>\t\t\t\t<\/div>\n\t\t\t\t<div class=\"elementor-element elementor-element-158f644 elementor-widget elementor-widget-heading\" data-id=\"158f644\" data-element_type=\"widget\" data-widget_type=\"heading.default\">\n\t\t\t\t\t<h6 class=\"elementor-heading-title elementor-size-default\">\u0421\u0442\u0438\u043b\u044c\u043d\u043e \u043e\u0444\u043e\u0440\u043c\u043b\u0435\u043d\u043d\u044b\u0435 \u0430\u043f\u0430\u0440\u0442\u0430\u043c\u0435\u043d\u0442\u044b \u0432 \u043a\u043e\u043c\u043f\u043b\u0435\u043a\u0441\u0435 Fethiye Serenity Suites \u0438\u0434\u0435\u0430\u043b\u044c\u043d\u043e \u043f\u043e\u0434\u0445\u043e\u0434\u044f\u0442 \u0434\u043b\u044f \u0442\u0435\u0445, \u043a\u0442\u043e \u0445\u043e\u0447\u0435\u0442 \u0440\u0430\u0441\u0441\u043b\u0430\u0431\u0438\u0442\u044c\u0441\u044f \u0438 \u0432\u043e\u0441\u0441\u0442\u0430\u043d\u043e\u0432\u0438\u0442\u044c \u0441\u0438\u043b\u044b \u0432 \u0441\u043f\u043e\u043a\u043e\u0439\u043d\u043e\u0439 \u0430\u0442\u043c\u043e\u0441\u0444\u0435\u0440\u0435 \u0424\u0435\u0442\u0445\u0438\u0435.<\/h6>\t\t\t\t<\/div>\n\t\t\t\t<\/div>\n\t\t\t\t<\/div>\n\t\t<div class=\"elementor-element elementor-element-dc23de0 e-con-full e-flex e-con e-parent\" data-id=\"dc23de0\" data-element_type=\"container\">\n\t\t<div class=\"elementor-element elementor-element-2f3706e e-con-full e-flex e-con e-child\" data-id=\"2f3706e\" data-element_type=\"container\">\n\t\t\t\t<div class=\"elementor-element elementor-element-de392a1 elementor-widget elementor-widget-heading\" data-id=\"de392a1\" data-element_type=\"widget\" data-widget_type=\"heading.default\">\n\t\t\t\t\t<h2 class=\"elementor-heading-title elementor-size-default\">\u0424\u043e\u0442\u043e\u0433\u0430\u043b\u0435\u0440\u0435\u044f<\/h2>\t\t\t\t<\/div>\n\t\t\t\t<div class=\"elementor-element elementor-element-1167cc5 elementor-position-right elementor-vertical-align-middle elementor-widget__width-auto elementor-widget elementor-widget-image-box\" data-id=\"1167cc5\" data-element_type=\"widget\" data-widget_type=\"image-box.default\">\n\t\t\t\t\t<div class=\"elementor-image-box-wrapper\"><figure class=\"elementor-image-box-img\"><a href=\"http:\/\/www.fethiyeserenitysuite.com\/ru\/rooms\/\" tabindex=\"-1\"><img decoding=\"async\" src=\"http:\/\/www.fethiyeserenitysuite.com\/wp-content\/uploads\/2023\/10\/hotel6-arrowicon.svg\" title=\"\" alt=\"\" loading=\"lazy\" \/><\/a><\/figure><div class=\"elementor-image-box-content\"><h6 class=\"elementor-image-box-title\"><a href=\"http:\/\/www.fethiyeserenitysuite.com\/ru\/rooms\/\">\u0412\u0421\u0415 \u0424\u041e\u0422\u041e\u0413\u0420\u0410\u0424\u0418\u0418<\/a><\/h6><\/div><\/div>\t\t\t\t<\/div>\n\t\t\t\t<\/div>\n\t\t\t\t<div class=\"elementor-element elementor-element-adc51a9 elementor-widget elementor-widget-image-gallery\" data-id=\"adc51a9\" data-element_type=\"widget\" data-widget_type=\"image-gallery.default\">\n\t\t\t\t\t\t\t<div class=\"elementor-image-gallery\">\n\t\t\t\n\t\t\t<style type='text\/css'>\n\t\t\t\t#sc_gallery-1 {\n\t\t\t\t\tmargin: auto;\n\t\t\t\t}\n\t\t\t\t#sc_gallery-1 .gallery-item {\n\t\t\t\t\tfloat: left;\n\t\t\t\t\ttext-align: center;\n\t\t\t\t\twidth: 33.33%;\n\t\t\t\t}\n\t\t\t\t#sc_gallery-1 img {\n\t\t\t\t\tborder: 2px solid #cfcfcf;\n\t\t\t\t}\n\t\t\t\t\/* see sc_gallery() in functions\/theme-shortcodes.php *\/\n\t\t\t<\/style>\n\t\t<div id='sc_gallery-1' class='gallery galleryid-77 gallery-columns-3 gallery-size-thumbnail file element_classes gallery-default'><dl class='gallery-item'  data-title='galeri1' data-description=''><div class='gallery-item-wrapper'>\n\t\t\t\t<dt class='gallery-icon portrait'>\n\t\t\t\t\t<a data-elementor-open-lightbox=\"no\" href='https:\/\/www.fethiyeserenitysuite.com\/wp-content\/uploads\/2025\/12\/galeri1.jpeg'><img decoding=\"async\" width=\"225\" height=\"300\" src=\"https:\/\/www.fethiyeserenitysuite.com\/wp-content\/uploads\/2025\/12\/galeri1-225x300.jpeg\" class=\"attachment-thumbnail size-thumbnail\" alt=\"\" srcset=\"https:\/\/www.fethiyeserenitysuite.com\/wp-content\/uploads\/2025\/12\/galeri1-225x300.jpeg 225w, https:\/\/www.fethiyeserenitysuite.com\/wp-content\/uploads\/2025\/12\/galeri1-375x500.jpeg 375w, https:\/\/www.fethiyeserenitysuite.com\/wp-content\/uploads\/2025\/12\/galeri1-900x1200.jpeg 900w, https:\/\/www.fethiyeserenitysuite.com\/wp-content\/uploads\/2025\/12\/galeri1-768x1024.jpeg 768w, https:\/\/www.fethiyeserenitysuite.com\/wp-content\/uploads\/2025\/12\/galeri1-1152x1536.jpeg 1152w, https:\/\/www.fethiyeserenitysuite.com\/wp-content\/uploads\/2025\/12\/galeri1-56x75.jpeg 56w, https:\/\/www.fethiyeserenitysuite.com\/wp-content\/uploads\/2025\/12\/galeri1-480x640.jpeg 480w, https:\/\/www.fethiyeserenitysuite.com\/wp-content\/uploads\/2025\/12\/galeri1.jpeg 1200w\" sizes=\"(max-width:767px) 225px, 225px\" \/><\/a>\n\t\t\t\t<\/dt><\/div><\/dl><dl class='gallery-item'  data-title='galeri2' data-description=''><div class='gallery-item-wrapper'>\n\t\t\t\t<dt class='gallery-icon portrait'>\n\t\t\t\t\t<a data-elementor-open-lightbox=\"no\" href='https:\/\/www.fethiyeserenitysuite.com\/wp-content\/uploads\/2025\/12\/galeri2.jpeg'><img decoding=\"async\" width=\"225\" height=\"300\" src=\"https:\/\/www.fethiyeserenitysuite.com\/wp-content\/uploads\/2025\/12\/galeri2-225x300.jpeg\" class=\"attachment-thumbnail size-thumbnail\" alt=\"\" srcset=\"https:\/\/www.fethiyeserenitysuite.com\/wp-content\/uploads\/2025\/12\/galeri2-225x300.jpeg 225w, https:\/\/www.fethiyeserenitysuite.com\/wp-content\/uploads\/2025\/12\/galeri2-375x500.jpeg 375w, https:\/\/www.fethiyeserenitysuite.com\/wp-content\/uploads\/2025\/12\/galeri2-900x1200.jpeg 900w, https:\/\/www.fethiyeserenitysuite.com\/wp-content\/uploads\/2025\/12\/galeri2-768x1024.jpeg 768w, https:\/\/www.fethiyeserenitysuite.com\/wp-content\/uploads\/2025\/12\/galeri2-1152x1536.jpeg 1152w, https:\/\/www.fethiyeserenitysuite.com\/wp-content\/uploads\/2025\/12\/galeri2-56x75.jpeg 56w, https:\/\/www.fethiyeserenitysuite.com\/wp-content\/uploads\/2025\/12\/galeri2-480x640.jpeg 480w, https:\/\/www.fethiyeserenitysuite.com\/wp-content\/uploads\/2025\/12\/galeri2.jpeg 1200w\" sizes=\"(max-width:767px) 225px, 225px\" \/><\/a>\n\t\t\t\t<\/dt><\/div><\/dl><dl class='gallery-item'  data-title='galeri3' data-description=''><div class='gallery-item-wrapper'>\n\t\t\t\t<dt class='gallery-icon portrait'>\n\t\t\t\t\t<a data-elementor-open-lightbox=\"no\" href='https:\/\/www.fethiyeserenitysuite.com\/wp-content\/uploads\/2025\/12\/galeri3.jpeg'><img loading=\"lazy\" decoding=\"async\" width=\"225\" height=\"300\" src=\"https:\/\/www.fethiyeserenitysuite.com\/wp-content\/uploads\/2025\/12\/galeri3-225x300.jpeg\" class=\"attachment-thumbnail size-thumbnail\" alt=\"\" srcset=\"https:\/\/www.fethiyeserenitysuite.com\/wp-content\/uploads\/2025\/12\/galeri3-225x300.jpeg 225w, https:\/\/www.fethiyeserenitysuite.com\/wp-content\/uploads\/2025\/12\/galeri3-375x500.jpeg 375w, https:\/\/www.fethiyeserenitysuite.com\/wp-content\/uploads\/2025\/12\/galeri3-900x1200.jpeg 900w, https:\/\/www.fethiyeserenitysuite.com\/wp-content\/uploads\/2025\/12\/galeri3-768x1024.jpeg 768w, https:\/\/www.fethiyeserenitysuite.com\/wp-content\/uploads\/2025\/12\/galeri3-1152x1536.jpeg 1152w, https:\/\/www.fethiyeserenitysuite.com\/wp-content\/uploads\/2025\/12\/galeri3-56x75.jpeg 56w, https:\/\/www.fethiyeserenitysuite.com\/wp-content\/uploads\/2025\/12\/galeri3-480x640.jpeg 480w, https:\/\/www.fethiyeserenitysuite.com\/wp-content\/uploads\/2025\/12\/galeri3.jpeg 1200w\" sizes=\"(max-width:767px) 225px, 225px\" \/><\/a>\n\t\t\t\t<\/dt><\/div><\/dl><br style=\"clear: both\" \/>\n\t\t\t<\/div>\n\t\t<\/div>\n\t\t\t\t\t\t<\/div>\n\t\t\t\t<\/div>\n\t\t\t\t<\/div>","protected":false},"excerpt":{"rendered":"<p>Fethiye Serenity Suite FOTO GALER\u0130 Fethiye Serenity Suites Fethiye Serenity Suites, huzur ve sakinli\u011fi \u00f6n planda tutan, misafirler i\u00e7in \u00f6zel olarak tasarlanm\u0131\u015f kiral\u0131k s\u00fcitler sunar. Fethiye\u2019nin<span class=\"excerpt-hellip\"> [\u2026]<\/span><\/p>\n","protected":false},"author":1,"featured_media":0,"parent":0,"menu_order":0,"comment_status":"open","ping_status":"closed","template":"","meta":{"footnotes":""},"class_list":["post-77","page","type-page","status-publish","hentry"],"_links":{"self":[{"href":"https:\/\/www.fethiyeserenitysuite.com\/ru\/wp-json\/wp\/v2\/pages\/77","targetHints":{"allow":["GET"]}}],"collection":[{"href":"https:\/\/www.fethiyeserenitysuite.com\/ru\/wp-json\/wp\/v2\/pages"}],"about":[{"href":"https:\/\/www.fethiyeserenitysuite.com\/ru\/wp-json\/wp\/v2\/types\/page"}],"author":[{"embeddable":true,"href":"https:\/\/www.fethiyeserenitysuite.com\/ru\/wp-json\/wp\/v2\/users\/1"}],"replies":[{"embeddable":true,"href":"https:\/\/www.fethiyeserenitysuite.com\/ru\/wp-json\/wp\/v2\/comments?post=77"}],"version-history":[{"count":34,"href":"https:\/\/www.fethiyeserenitysuite.com\/ru\/wp-json\/wp\/v2\/pages\/77\/revisions"}],"predecessor-version":[{"id":778,"href":"https:\/\/www.fethiyeserenitysuite.com\/ru\/wp-json\/wp\/v2\/pages\/77\/revisions\/778"}],"wp:attachment":[{"href":"https:\/\/www.fethiyeserenitysuite.com\/ru\/wp-json\/wp\/v2\/media?parent=77"}],"curies":[{"name":"wp","href":"https:\/\/api.w.org\/{rel}","templated":true}]}}