{"id":721,"date":"2025-12-25T15:10:39","date_gmt":"2025-12-25T15:10:39","guid":{"rendered":"http:\/\/www.fethiyeserenitysuite.com\/?page_id=721"},"modified":"2026-03-17T07:38:23","modified_gmt":"2026-03-17T07:38:23","slug":"hakkimizda","status":"publish","type":"page","link":"https:\/\/www.fethiyeserenitysuite.com\/en\/hakkimizda\/","title":{"rendered":"ABOUT US"},"content":{"rendered":"<div data-elementor-type=\"wp-page\" data-elementor-id=\"721\" class=\"elementor elementor-721\">\n\t\t\t\t<div class=\"elementor-element elementor-element-8f44834 e-flex e-con-boxed e-con e-parent\" data-id=\"8f44834\" data-element_type=\"container\" data-settings=\"{&quot;background_background&quot;:&quot;classic&quot;}\">\n\t\t\t\t\t<div class=\"e-con-inner\">\n\t\t\t\t\t<\/div>\n\t\t\t\t<\/div>\n\t\t<div class=\"elementor-element elementor-element-bbf47ec e-con-full e-flex e-con e-parent\" data-id=\"bbf47ec\" data-element_type=\"container\">\n\t\t<div class=\"elementor-element elementor-element-9a1f06b e-con-full e-flex e-con e-child\" data-id=\"9a1f06b\" data-element_type=\"container\">\n\t\t\t\t<div class=\"elementor-element elementor-element-3a5bd51 elementor-widget elementor-widget-image\" data-id=\"3a5bd51\" data-element_type=\"widget\" data-widget_type=\"image.default\">\n\t\t\t\t\t\t\t\t\t\t\t\t\t\t\t<img fetchpriority=\"high\" decoding=\"async\" width=\"1200\" height=\"1200\" src=\"https:\/\/www.fethiyeserenitysuite.com\/wp-content\/uploads\/2025\/12\/serenity-suites.jpg\" class=\"attachment-large size-large wp-image-663\" alt=\"\" srcset=\"https:\/\/www.fethiyeserenitysuite.com\/wp-content\/uploads\/2025\/12\/serenity-suites.jpg 1200w, https:\/\/www.fethiyeserenitysuite.com\/wp-content\/uploads\/2025\/12\/serenity-suites-500x500.jpg 500w, https:\/\/www.fethiyeserenitysuite.com\/wp-content\/uploads\/2025\/12\/serenity-suites-300x300.jpg 300w, https:\/\/www.fethiyeserenitysuite.com\/wp-content\/uploads\/2025\/12\/serenity-suites-768x768.jpg 768w, https:\/\/www.fethiyeserenitysuite.com\/wp-content\/uploads\/2025\/12\/serenity-suites-150x150.jpg 150w, https:\/\/www.fethiyeserenitysuite.com\/wp-content\/uploads\/2025\/12\/serenity-suites-75x75.jpg 75w, https:\/\/www.fethiyeserenitysuite.com\/wp-content\/uploads\/2025\/12\/serenity-suites-480x480.jpg 480w\" sizes=\"(max-width:767px) 480px, (max-width:1200px) 100vw, 1200px\" \/>\t\t\t\t\t\t\t\t\t\t\t\t\t\t\t<\/div>\n\t\t\t\t<\/div>\n\t\t<div class=\"elementor-element elementor-element-d4288de e-con-full e-flex e-con e-child\" data-id=\"d4288de\" data-element_type=\"container\">\n\t\t\t\t<div class=\"elementor-element elementor-element-ae5731f elementor-widget elementor-widget-heading\" data-id=\"ae5731f\" data-element_type=\"widget\" data-widget_type=\"heading.default\">\n\t\t\t\t\t<h5 class=\"elementor-heading-title elementor-size-default\">Fethiye Serenity Suites<\/h5>\t\t\t\t<\/div>\n\t\t\t\t<div class=\"elementor-element elementor-element-62082a4 elementor-widget elementor-widget-text-editor\" data-id=\"62082a4\" data-element_type=\"widget\" data-widget_type=\"text-editor.default\">\n\t\t\t\t\t\t\t\t\t<p style=\"text-align: justify;\"><strong data-start=\"0\" data-end=\"27\" data-is-only-node=\"\">Fethiye Serenity Suites<\/strong>, It offers rental suites designed specifically for guests, prioritizing peace and tranquility.<\/p><p style=\"text-align: justify;\">Set amidst Fethiye\u2019s natural beauty, it offers a relaxing holiday experience with comfortable and modern living spaces. It is an ideal choice for those seeking a peaceful, quiet, and enjoyable stay away from noise.<\/p>\t\t\t\t\t\t\t\t<\/div>\n\t\t\t\t<div class=\"elementor-element elementor-element-16b3ff7 elementor-widget elementor-widget-heading\" data-id=\"16b3ff7\" data-element_type=\"widget\" data-widget_type=\"heading.default\">\n\t\t\t\t\t<h6 class=\"elementor-heading-title elementor-size-default\"><a href=\"http:\/\/www.fethiyeserenitysuite.com\/en\/restaurant\/\">PHOTO GALLERY<\/a><\/h6>\t\t\t\t<\/div>\n\t\t\t\t<\/div>\n\t\t\t\t<\/div>\n\t\t\t\t<\/div>","protected":false},"excerpt":{"rendered":"<p>Fethiye Serenity Suites Fethiye Serenity Suites, huzur ve sakinli\u011fi \u00f6n planda tutan, misafirler i\u00e7in \u00f6zel olarak tasarlanm\u0131\u015f kiral\u0131k s\u00fcitler sunar. Fethiye\u2019nin do\u011fal g\u00fczellikleriyle \u00e7evrili konumunda, konforlu<span class=\"excerpt-hellip\"> [\u2026]<\/span><\/p>\n","protected":false},"author":1,"featured_media":0,"parent":0,"menu_order":0,"comment_status":"open","ping_status":"closed","template":"","meta":{"footnotes":""},"class_list":["post-721","page","type-page","status-publish","hentry"],"_links":{"self":[{"href":"https:\/\/www.fethiyeserenitysuite.com\/en\/wp-json\/wp\/v2\/pages\/721","targetHints":{"allow":["GET"]}}],"collection":[{"href":"https:\/\/www.fethiyeserenitysuite.com\/en\/wp-json\/wp\/v2\/pages"}],"about":[{"href":"https:\/\/www.fethiyeserenitysuite.com\/en\/wp-json\/wp\/v2\/types\/page"}],"author":[{"embeddable":true,"href":"https:\/\/www.fethiyeserenitysuite.com\/en\/wp-json\/wp\/v2\/users\/1"}],"replies":[{"embeddable":true,"href":"https:\/\/www.fethiyeserenitysuite.com\/en\/wp-json\/wp\/v2\/comments?post=721"}],"version-history":[{"count":10,"href":"https:\/\/www.fethiyeserenitysuite.com\/en\/wp-json\/wp\/v2\/pages\/721\/revisions"}],"predecessor-version":[{"id":781,"href":"https:\/\/www.fethiyeserenitysuite.com\/en\/wp-json\/wp\/v2\/pages\/721\/revisions\/781"}],"wp:attachment":[{"href":"https:\/\/www.fethiyeserenitysuite.com\/en\/wp-json\/wp\/v2\/media?parent=721"}],"curies":[{"name":"wp","href":"https:\/\/api.w.org\/{rel}","templated":true}]}}